{"id":8,"date":"2016-02-08T16:06:27","date_gmt":"2016-02-08T15:06:27","guid":{"rendered":"http:\/\/www.cos.it\/cmmgsoresina\/?page_id=8"},"modified":"2024-08-29T16:52:12","modified_gmt":"2024-08-29T14:52:12","slug":"chi-siamo","status":"publish","type":"page","link":"https:\/\/www.cos.it\/cmmgsoresina\/?page_id=8","title":{"rendered":"CHI SIAMO"},"content":{"rendered":"<p style=\"text-align: justify;\">Siamo una <span style=\"color: #57ad68;\"><strong>cooperativa di 10 Medici di Medicina Generale<\/strong><\/span>, fondata nel 1995 a Cremona con l&#8217;obiettivo di trovare nuovi supporti organizzativi al nostro lavoro, che ci permettessero di uscire dall&#8217;isolamento in cui si \u00e8 sempre trovata la nostra professione e di fornire al tempo stesso risposte pi\u00f9 complete e qualificate ai bisogni di salute sempre pi\u00f9 crescenti e diversificati dei nostri pazienti.<\/p>\n<p style=\"text-align: justify;\">Abbiamo scelto l&#8217;assetto cooperativistico perch\u00e9 permette all&#8217;associazione dei medici di avere personalit\u00e0 giuridica ben definita con capacit\u00e0 imprenditoriali, salvaguardando al tempo stesso la rappresentativit\u00e0 dei singoli.<\/p>\n<h4 style=\"text-align: center;\"><\/h4>\n","protected":false},"excerpt":{"rendered":"<p>Siamo una cooperativa di 10 Medici di Medicina Generale, fondata nel 1995 a Cremona con l&#8217;obiettivo di trovare nuovi supporti organizzativi al nostro lavoro, che ci permettessero di uscire dall&#8217;isolamento in cui si \u00e8 sempre trovata la nostra professione e di fornire al tempo stesso risposte pi\u00f9 complete e qualificate ai bisogni di salute sempre &hellip; <a href=\"https:\/\/www.cos.it\/cmmgsoresina\/?page_id=8\" class=\"more-link\">Continua la lettura di <span class=\"screen-reader-text\">CHI SIAMO<\/span> <span class=\"meta-nav\">&rarr;<\/span><\/a><\/p>\n","protected":false},"author":1,"featured_media":0,"parent":0,"menu_order":0,"comment_status":"closed","ping_status":"closed","template":"","meta":[],"_links":{"self":[{"href":"https:\/\/www.cos.it\/cmmgsoresina\/index.php?rest_route=\/wp\/v2\/pages\/8"}],"collection":[{"href":"https:\/\/www.cos.it\/cmmgsoresina\/index.php?rest_route=\/wp\/v2\/pages"}],"about":[{"href":"https:\/\/www.cos.it\/cmmgsoresina\/index.php?rest_route=\/wp\/v2\/types\/page"}],"author":[{"embeddable":true,"href":"https:\/\/www.cos.it\/cmmgsoresina\/index.php?rest_route=\/wp\/v2\/users\/1"}],"replies":[{"embeddable":true,"href":"https:\/\/www.cos.it\/cmmgsoresina\/index.php?rest_route=%2Fwp%2Fv2%2Fcomments&post=8"}],"version-history":[{"count":9,"href":"https:\/\/www.cos.it\/cmmgsoresina\/index.php?rest_route=\/wp\/v2\/pages\/8\/revisions"}],"predecessor-version":[{"id":982,"href":"https:\/\/www.cos.it\/cmmgsoresina\/index.php?rest_route=\/wp\/v2\/pages\/8\/revisions\/982"}],"wp:attachment":[{"href":"https:\/\/www.cos.it\/cmmgsoresina\/index.php?rest_route=%2Fwp%2Fv2%2Fmedia&parent=8"}],"curies":[{"name":"wp","href":"https:\/\/api.w.org\/{rel}","templated":true}]}}