{"id":52,"date":"2016-03-30T12:05:21","date_gmt":"2016-03-30T10:05:21","guid":{"rendered":"http:\/\/www.cos.it\/cmmgsoresina\/?page_id=52"},"modified":"2016-03-30T12:05:21","modified_gmt":"2016-03-30T10:05:21","slug":"casa-della-salute","status":"publish","type":"page","link":"https:\/\/www.cos.it\/cmmgsoresina\/?page_id=52","title":{"rendered":"CASA DELLA SALUTE"},"content":{"rendered":"<p>La <span style=\"color: #57ad68;\"><strong>Casa <span class=\"highlightedSearchTerm\">della<\/span> <span class=\"highlightedSearchTerm\">salute<\/span> di Soresina <\/strong><\/span>\u00e8\u00a0una struttura sanitaria e socio-sanitaria di Nuclei di cure primarie, pensata per essere un punto\u00a0di riferimento per i cittadini, dove i servizi di assistenza primaria si in\u00adtegrano con quelli specialistici, ospedalieri e <span class=\"highlightedSearchTerm\">della<\/span>sanit\u00e0 pubblica.<\/p>\n<p><span style=\"color: #57ad68;\"><strong><em>Obiettivo fondamentale di tale progetto \u00e8 quello di migliorare l&#8217;assistenza sul territorio garantendo una continuit\u00e0 assistenziale <\/em><\/strong><\/span>utilizzando, oltre i Medici di Cure Primarie, anche personale infermieristico, Assistenti Sanitari e Amministrativi, cos\u00ec da<span style=\"color: #57ad68;\"><em> <strong>migliorare l&#8217;accessibilit\u00e0 e l&#8217;appropriatezza delle cure.<\/strong><\/em><\/span><\/p>\n<p><em><strong>Di seguito\u00a0alcuni dei <span style=\"color: #57ad68;\">servizi<\/span> presenti nella Casa della Salute di Soresina, <\/strong><\/em>che serve una popolazione di circa 13.000 abitanti (Comuni di Soresina, Casalbuttano, Acquanegra, Annicco, Trigolo&#8230;)<\/p>\n<p><span style=\"color: #57ad68;\"><strong>Area pubblica:<\/strong><\/span><\/p>\n<p>accoglienza accettazione, sala d&#8217;attesa, CUP<\/p>\n<p><span style=\"color: #57ad68;\"><strong>Area clinica:<\/strong><\/span><\/p>\n<p>Medicina di gruppo (attiva 12 ore al giorno dal luned\u00ec al venerd\u00ec; il sabato dalle 8 alle 12), presenza 24h su 24h di una figura medica per urgenze sanitarie, ambulatorio infermieristico per piccole medicazioni sottocutanee, misurazione pressione, educazione sanitaria, ambulatori specialistici, punto prelievi. Vengono garantiti i servizi di prevenzione delle vaccinazioni antinfluenzali in collaborazione con la ASL di Cremona; vaccinazioni obbligatorie pediatriche, screening per la prevenzione dei tumori al colon rettale, alla mammella, etc. Ambulatorio per patologie (diabete, ipertensione, BPCO), gestione Terapia Anticoagulante Orale (TAO), in collaborazione con l&#8217;Ospedale di Cremona,\u00a0gestione assistenza domiciliare integrata.<\/p>\n<p><strong>Approfondimenti:<\/strong><\/p>\n<p><strong>&gt;<\/strong><u><strong>\u00a0<a href=\"http:\/\/coslombardia.cos.it\/CMMG\/index.php?option=com_phocadownload&amp;view=category&amp;download=19:volantino-casa-della-salute&amp;id=3:csp-soresina&amp;Itemid=574\">Clicca qui<\/a><\/strong><\/u> per scaricare il volantino <strong>&#8220;Casa della Salute&#8221;<\/strong> di Soresina per conoscere tutti gli orari del Centro, i servizi erogati e le iniziative.<\/p>\n<p><strong>&gt;\u00a0<\/strong><u><strong><a href=\"http:\/\/coslombardia.cos.it\/CMMG\/index.php?option=com_phocadownload&amp;view=category&amp;download=25:corretto-uso-dei-servizi&amp;id=5:download-casa-della-salute&amp;Itemid=574\">Clicca qui<\/a><\/strong><\/u> per scaricare il volantino <strong>&#8220;Corretto uso dei servizi&#8221;<\/strong><\/p>\n<p><strong>&gt;\u00a0<\/strong><u><strong><a href=\"http:\/\/coslombardia.cos.it\/CMMG\/index.php?option=com_phocadownload&amp;view=category&amp;download=22:carta-dei-servizi&amp;id=3:csp-soresina&amp;Itemid=574\">Clicca qui<\/a><\/strong><\/u> per scaricare la<strong> &#8220;Carta dei Servizi&#8221;<\/strong> per conoscere i nomi dei Medici che partecipano al progetto ed i loro orari.<\/p>\n<p><strong>&gt;\u00a0<\/strong><u><strong><a href=\"http:\/\/coslombardia.cos.it\/CMMG\/index.php?option=com_phocadownload&amp;view=category&amp;download=26:questionario-gradimento&amp;id=5:download-casa-della-salute&amp;Itemid=574\">Clicca qui<\/a><\/strong><\/u> per scaricare il <strong>&#8220;Questionario di gradimento&#8221;.<\/strong><\/p>\n<p>&nbsp;<\/p>\n<p><strong>Contatti:<\/strong><\/p>\n<p>Centralino 0374.343 999 (attivo dalle ore 8 alle ore 20, dal luned\u00ec al venerd\u00ec)<\/p>\n<p>Email: <a href=\"mailto:cmmgsoresina@gmail.com\">cmmgsoresina@gmail.com<\/a><\/p>\n","protected":false},"excerpt":{"rendered":"<p>La Casa della salute di Soresina \u00e8\u00a0una struttura sanitaria e socio-sanitaria di Nuclei di cure primarie, pensata per essere un punto\u00a0di riferimento per i cittadini, dove i servizi di assistenza primaria si in\u00adtegrano con quelli specialistici, ospedalieri e dellasanit\u00e0 pubblica. Obiettivo fondamentale di tale progetto \u00e8 quello di migliorare l&#8217;assistenza sul territorio garantendo una continuit\u00e0 &hellip; <a href=\"https:\/\/www.cos.it\/cmmgsoresina\/?page_id=52\" class=\"more-link\">Continua la lettura di <span class=\"screen-reader-text\">CASA DELLA SALUTE<\/span> <span class=\"meta-nav\">&rarr;<\/span><\/a><\/p>\n","protected":false},"author":1,"featured_media":0,"parent":0,"menu_order":0,"comment_status":"closed","ping_status":"closed","template":"","meta":[],"_links":{"self":[{"href":"https:\/\/www.cos.it\/cmmgsoresina\/index.php?rest_route=\/wp\/v2\/pages\/52"}],"collection":[{"href":"https:\/\/www.cos.it\/cmmgsoresina\/index.php?rest_route=\/wp\/v2\/pages"}],"about":[{"href":"https:\/\/www.cos.it\/cmmgsoresina\/index.php?rest_route=\/wp\/v2\/types\/page"}],"author":[{"embeddable":true,"href":"https:\/\/www.cos.it\/cmmgsoresina\/index.php?rest_route=\/wp\/v2\/users\/1"}],"replies":[{"embeddable":true,"href":"https:\/\/www.cos.it\/cmmgsoresina\/index.php?rest_route=%2Fwp%2Fv2%2Fcomments&post=52"}],"version-history":[{"count":5,"href":"https:\/\/www.cos.it\/cmmgsoresina\/index.php?rest_route=\/wp\/v2\/pages\/52\/revisions"}],"predecessor-version":[{"id":140,"href":"https:\/\/www.cos.it\/cmmgsoresina\/index.php?rest_route=\/wp\/v2\/pages\/52\/revisions\/140"}],"wp:attachment":[{"href":"https:\/\/www.cos.it\/cmmgsoresina\/index.php?rest_route=%2Fwp%2Fv2%2Fmedia&parent=52"}],"curies":[{"name":"wp","href":"https:\/\/api.w.org\/{rel}","templated":true}]}}