{"id":48,"date":"2016-02-10T08:59:43","date_gmt":"2016-02-10T07:59:43","guid":{"rendered":"http:\/\/www.cos.it\/cmmgsoresina\/?page_id=48"},"modified":"2016-02-10T17:21:24","modified_gmt":"2016-02-10T16:21:24","slug":"continuita-assistenziale","status":"publish","type":"page","link":"https:\/\/www.cos.it\/cmmgsoresina\/?page_id=48","title":{"rendered":"CONTINUIT\u00c0&#8217; ASSISTENZIALE"},"content":{"rendered":"<p><span style=\"color: #57ad68;\"><strong>CONTINUITA&#8217; ASSISTENZIALE (ex guardia medica)<\/strong><\/span><\/p>\n<p>&nbsp;<\/p>\n<p>Il Servizio di Continuit\u00e0 Assistenziale (ex Guardia Medica) interviene negli orari in cui il Medico di Medicina Generale ed il Pediatra di Libera Scelta non sono tenuti ad esercitare l&#8217;attivit\u00e0.<br \/>\nIl Medico di Continuit\u00e0 Assistenziale, utilizzando il ricettario regionale, pu\u00f2 anche proporre il ricovero, prescrivere farmaci limitatamente ad una terapia d&#8217;urgenza non differibile e rilasciare certificazioni di malattia ai lavoratori per un massimo di tre giorni.<\/p>\n<p><span style=\"color: #57ad68;\"><strong>Tutti i cittadini in caso di necessit\u00e0 possono usufruire dell&#8217;assistenza erogata dai Medici addetti al Servizio di Continuit\u00e0 Assistenziale che \u00e8 svolto nei seguenti orari:<\/strong><\/span><\/p>\n<p>dalle ore 10.00 dei giorni prefestivi non coincidenti con il sabato, alle ore 8.00 del giorno feriale successivo alla festivit\u00e0;<\/p>\n<p>dalle ore 8.00 alle ore 20.00 di tutte le domeniche e giorni festivi;<\/p>\n<p>dalle ore 8.00 alle ore 20.00 di tutti i sabati.<\/p>\n<p><span style=\"color: #57ad68;\"><strong><u>Modalit\u00e0 di accesso<\/u><\/strong><\/span><br \/>\nNumero telefonico gratuito da selezionare: 118 solo nel caso in cui il bisogno sia urgente e non differibile. Infatti in caso di ricorso non appropriato al Servizio si verificherebbero conseguenze negative a danno di chi potrebbe avere effettiva necessit\u00e0 dell&#8217;intervento urgente.<\/p>\n<p><span style=\"color: #57ad68;\"><strong><u>Documenti richiesti<\/u><\/strong><\/span><br \/>\nFornire all&#8217;operatore telefonico le informazioni necessarie per la richiesta di intervento:<br \/>\ncognome, nome, indirizzo e numero di telefono per facilitare ed abbreviare l&#8217;eventuale accesso al domicilio;<br \/>\nmotivo della chiamata.<\/p>\n<p><span style=\"color: #57ad68;\"><strong><u>Costo<\/u><\/strong><\/span><br \/>\nIl servizio \u00e8 gratuito.<\/p>\n<p><span style=\"color: #57ad68;\"><strong><u>Tempi<\/u><\/strong><\/span><br \/>\nGli interventi da parte del Servizio sono evasi in relazione all&#8217;urgenza della richiesta.<\/p>\n<p>Il Servizio offre solo interventi domiciliari e territoriali.<br \/>\nPrestazioni presso la sede di guardia sono da limitare e sono ammesse solo in particolari situazioni di necessit\u00e0.<\/p>\n","protected":false},"excerpt":{"rendered":"<p>CONTINUITA&#8217; ASSISTENZIALE (ex guardia medica) &nbsp; Il Servizio di Continuit\u00e0 Assistenziale (ex Guardia Medica) interviene negli orari in cui il Medico di Medicina Generale ed il Pediatra di Libera Scelta non sono tenuti ad esercitare l&#8217;attivit\u00e0. Il Medico di Continuit\u00e0 Assistenziale, utilizzando il ricettario regionale, pu\u00f2 anche proporre il ricovero, prescrivere farmaci limitatamente ad una &hellip; <a href=\"https:\/\/www.cos.it\/cmmgsoresina\/?page_id=48\" class=\"more-link\">Continua la lettura di <span class=\"screen-reader-text\">CONTINUIT\u00c0&#8217; ASSISTENZIALE<\/span> <span class=\"meta-nav\">&rarr;<\/span><\/a><\/p>\n","protected":false},"author":1,"featured_media":0,"parent":0,"menu_order":0,"comment_status":"closed","ping_status":"closed","template":"","meta":[],"_links":{"self":[{"href":"https:\/\/www.cos.it\/cmmgsoresina\/index.php?rest_route=\/wp\/v2\/pages\/48"}],"collection":[{"href":"https:\/\/www.cos.it\/cmmgsoresina\/index.php?rest_route=\/wp\/v2\/pages"}],"about":[{"href":"https:\/\/www.cos.it\/cmmgsoresina\/index.php?rest_route=\/wp\/v2\/types\/page"}],"author":[{"embeddable":true,"href":"https:\/\/www.cos.it\/cmmgsoresina\/index.php?rest_route=\/wp\/v2\/users\/1"}],"replies":[{"embeddable":true,"href":"https:\/\/www.cos.it\/cmmgsoresina\/index.php?rest_route=%2Fwp%2Fv2%2Fcomments&post=48"}],"version-history":[{"count":2,"href":"https:\/\/www.cos.it\/cmmgsoresina\/index.php?rest_route=\/wp\/v2\/pages\/48\/revisions"}],"predecessor-version":[{"id":126,"href":"https:\/\/www.cos.it\/cmmgsoresina\/index.php?rest_route=\/wp\/v2\/pages\/48\/revisions\/126"}],"wp:attachment":[{"href":"https:\/\/www.cos.it\/cmmgsoresina\/index.php?rest_route=%2Fwp%2Fv2%2Fmedia&parent=48"}],"curies":[{"name":"wp","href":"https:\/\/api.w.org\/{rel}","templated":true}]}}