{"id":30,"date":"2016-02-08T16:51:08","date_gmt":"2016-02-08T15:51:08","guid":{"rendered":"http:\/\/www.cos.it\/cmmgsoresina\/?page_id=30"},"modified":"2024-11-08T15:13:13","modified_gmt":"2024-11-08T14:13:13","slug":"contatti","status":"publish","type":"page","link":"https:\/\/www.cos.it\/cmmgsoresina\/?page_id=30","title":{"rendered":"CONTATTI"},"content":{"rendered":"<p align=\"justify\"><span style=\"color: #57ad68;\"><strong><u>Orari di apertura:\u00a0<\/u><\/strong><\/span><\/p>\n<p style=\"text-align: justify;\">La sede operativa della CMMG \u00e8 attualmente aperta al pubblico <strong><span style=\"color: #ff0000;\">dal luned\u00ec al venerd\u00ec dalle 08.30 alle 12.30 e dalle 14.30 alle 18.00.<\/span><\/strong><\/p>\n<p align=\"justify\"><span style=\"color: #57ad68;\"><strong>I nostri recapiti:<\/strong><\/span><\/p>\n<p align=\"justify\">0372\/ 808787<\/p>\n<p>Email: cmmg.amministrazione@gmail.com<\/p>\n<p>consorzio.sanita@gmail.com<\/p>\n<address><span class=\"contact-street\">Via Belfuso 8, Cremona<br \/>\n<\/span><span class=\"contact-suburb\">Soresina <\/span><span class=\"contact-state\">CR <\/span><span class=\"contact-postcode\">26015 <\/span><span class=\"contact-country\">Italia<\/span><\/address>\n<address>\u00a0<\/address>\n<div class=\"contact-address\"><\/div>\n<div class=\"contact-contactinfo\"><\/div>\n","protected":false},"excerpt":{"rendered":"<p>Orari di apertura:\u00a0 La sede operativa della CMMG \u00e8 attualmente aperta al pubblico dal luned\u00ec al venerd\u00ec dalle 08.30 alle 12.30 e dalle 14.30 alle 18.00. I nostri recapiti: 0372\/ 808787 Email: cmmg.amministrazione@gmail.com consorzio.sanita@gmail.com Via Belfuso 8, Cremona Soresina CR 26015 Italia \u00a0<\/p>\n","protected":false},"author":1,"featured_media":0,"parent":0,"menu_order":0,"comment_status":"closed","ping_status":"closed","template":"","meta":[],"_links":{"self":[{"href":"https:\/\/www.cos.it\/cmmgsoresina\/index.php?rest_route=\/wp\/v2\/pages\/30"}],"collection":[{"href":"https:\/\/www.cos.it\/cmmgsoresina\/index.php?rest_route=\/wp\/v2\/pages"}],"about":[{"href":"https:\/\/www.cos.it\/cmmgsoresina\/index.php?rest_route=\/wp\/v2\/types\/page"}],"author":[{"embeddable":true,"href":"https:\/\/www.cos.it\/cmmgsoresina\/index.php?rest_route=\/wp\/v2\/users\/1"}],"replies":[{"embeddable":true,"href":"https:\/\/www.cos.it\/cmmgsoresina\/index.php?rest_route=%2Fwp%2Fv2%2Fcomments&post=30"}],"version-history":[{"count":25,"href":"https:\/\/www.cos.it\/cmmgsoresina\/index.php?rest_route=\/wp\/v2\/pages\/30\/revisions"}],"predecessor-version":[{"id":990,"href":"https:\/\/www.cos.it\/cmmgsoresina\/index.php?rest_route=\/wp\/v2\/pages\/30\/revisions\/990"}],"wp:attachment":[{"href":"https:\/\/www.cos.it\/cmmgsoresina\/index.php?rest_route=%2Fwp%2Fv2%2Fmedia&parent=30"}],"curies":[{"name":"wp","href":"https:\/\/api.w.org\/{rel}","templated":true}]}}